{"id":65,"date":"2023-05-27T11:44:09","date_gmt":"2023-05-27T14:44:09","guid":{"rendered":"https:\/\/ervamateelizabeth.com.br\/?page_id=65"},"modified":"2025-04-18T18:20:21","modified_gmt":"2025-04-18T21:20:21","slug":"curiosidades","status":"publish","type":"page","link":"https:\/\/ervamateelizabeth.com.br\/en\/curiosidades\/","title":{"rendered":"Curious Facts"},"content":{"rendered":"<div data-elementor-type=\"wp-page\" data-elementor-id=\"65\" class=\"elementor elementor-65\" data-elementor-post-type=\"page\">\n\t\t\t\t\t\t<section class=\"elementor-section elementor-top-section elementor-element elementor-element-2c1c2968 elementor-section-content-middle elementor-reverse-mobile elementor-section-boxed elementor-section-height-default elementor-section-height-default\" data-id=\"2c1c2968\" data-element_type=\"section\" data-settings=\"{&quot;background_background&quot;:&quot;gradient&quot;}\">\n\t\t\t\t\t\t\t<div class=\"elementor-background-overlay\"><\/div>\n\t\t\t\t\t\t\t<div class=\"elementor-container elementor-column-gap-default\">\n\t\t\t\t\t<div class=\"elementor-column elementor-col-50 elementor-top-column elementor-element elementor-element-2a129771\" data-id=\"2a129771\" data-element_type=\"column\">\n\t\t\t<div class=\"elementor-widget-wrap elementor-element-populated\">\n\t\t\t\t\t\t<div class=\"elementor-element elementor-element-397e4034 elementor-icon-list--layout-inline elementor-mobile-align-center elementor-list-item-link-full_width elementor-widget elementor-widget-icon-list\" data-id=\"397e4034\" data-element_type=\"widget\" data-widget_type=\"icon-list.default\">\n\t\t\t\t<div class=\"elementor-widget-container\">\n\t\t\t\t\t\t\t<ul class=\"elementor-icon-list-items elementor-inline-items\">\n\t\t\t\t\t\t\t<li class=\"elementor-icon-list-item elementor-inline-item\">\n\t\t\t\t\t\t\t\t\t\t<span class=\"elementor-icon-list-text\">Home<\/span>\n\t\t\t\t\t\t\t\t\t<\/li>\n\t\t\t\t\t\t\t\t<li class=\"elementor-icon-list-item elementor-inline-item\">\n\t\t\t\t\t\t\t\t\t\t\t<span class=\"elementor-icon-list-icon\">\n\t\t\t\t\t\t\t<i aria-hidden=\"true\" class=\"icon icon-minus\"><\/i>\t\t\t\t\t\t<\/span>\n\t\t\t\t\t\t\t\t\t\t<span class=\"elementor-icon-list-text\">Curious Facts<\/span>\n\t\t\t\t\t\t\t\t\t<\/li>\n\t\t\t\t\t\t<\/ul>\n\t\t\t\t\t\t<\/div>\n\t\t\t\t<\/div>\n\t\t\t\t<div class=\"elementor-element elementor-element-6ac7f41a elementor-widget elementor-widget-heading\" data-id=\"6ac7f41a\" data-element_type=\"widget\" data-widget_type=\"heading.default\">\n\t\t\t\t<div class=\"elementor-widget-container\">\n\t\t\t\t\t<h1 class=\"elementor-heading-title elementor-size-default\">Curious Facts<\/h1>\t\t\t\t<\/div>\n\t\t\t\t<\/div>\n\t\t\t\t\t<\/div>\n\t\t<\/div>\n\t\t\t\t<div class=\"elementor-column elementor-col-50 elementor-top-column elementor-element elementor-element-5e4f2d86 elementor-hidden-tablet elementor-hidden-mobile\" data-id=\"5e4f2d86\" data-element_type=\"column\">\n\t\t\t<div class=\"elementor-widget-wrap elementor-element-populated\">\n\t\t\t\t\t\t<div class=\"elementor-element elementor-element-50b7355f elementor-widget elementor-widget-image\" data-id=\"50b7355f\" data-element_type=\"widget\" data-widget_type=\"image.default\">\n\t\t\t\t<div class=\"elementor-widget-container\">\n\t\t\t\t\t\t\t\t\t\t\t\t\t\t\t<img decoding=\"async\" src=\"https:\/\/ervamateelizabeth.com.br\/wp-content\/uploads\/elementor\/thumbs\/aweddeaaewdaewd-min-qn3628nlde5xlfyznd2vsqmf8nenceiu23d1mu75gw.jpg\" title=\"Cuia de chimarr\u00e3o\" alt=\"Cuia de chimarr\u00e3o\" loading=\"lazy\" \/>\t\t\t\t\t\t\t\t\t\t\t\t\t\t\t<\/div>\n\t\t\t\t<\/div>\n\t\t\t\t\t<\/div>\n\t\t<\/div>\n\t\t\t\t\t<\/div>\n\t\t<\/section>\n\t\t\t\t<section class=\"elementor-section elementor-top-section elementor-element elementor-element-6efc83d8 elementor-section-boxed elementor-section-height-default elementor-section-height-default\" data-id=\"6efc83d8\" data-element_type=\"section\">\n\t\t\t\t\t\t<div class=\"elementor-container elementor-column-gap-default\">\n\t\t\t\t\t<div class=\"elementor-column elementor-col-50 elementor-top-column elementor-element elementor-element-7fe55fff\" data-id=\"7fe55fff\" data-element_type=\"column\">\n\t\t\t<div class=\"elementor-widget-wrap elementor-element-populated\">\n\t\t\t\t\t\t<div class=\"elementor-element elementor-element-e1258c1 elementor-widget elementor-widget-text-editor\" data-id=\"e1258c1\" data-element_type=\"widget\" data-widget_type=\"text-editor.default\">\n\t\t\t\t<div class=\"elementor-widget-container\">\n\t\t\t\t\t\t\t\t\t<h2 class=\"\" data-start=\"150\" data-end=\"163\"><strong data-start=\"153\" data-end=\"163\">Origin<\/strong><\/h2><p class=\"\" data-start=\"165\" data-end=\"495\">Yerba mate was traditionally used by the indigenous Guarani, Quechua, and Aymara peoples.<br data-start=\"259\" data-end=\"262\" \/>The term \u201cchimarr\u00e3o\u201d comes from the Spanish word <em data-start=\"307\" data-end=\"317\">cimarr\u00f3n<\/em>meaning \u201clivestock that returned to the wild.\u201d<br data-start=\"367\" data-end=\"370\" \/>In the 16th century, Spanish colonizers banned chimarr\u00e3o, labeling it the \u201cdevil\u2019s herb.<\/p><hr class=\"\" data-start=\"497\" data-end=\"500\" \/><h2 class=\"\" data-start=\"502\" data-end=\"516\"><strong data-start=\"505\" data-end=\"516\">Preparation<\/strong><\/h2><p class=\"\" data-start=\"518\" data-end=\"736\">Chimarr\u00e3o is prepared with ground yerba mate and hot water.<br data-start=\"576\" data-end=\"579\" \/>It\u2019s important that the water does not boil, as boiling burns the yerba and makes the chimarr\u00e3o bitter.<br data-start=\"665\" data-end=\"668\" \/>More than just a drink, chimarr\u00e3o is a social and ceremonial ritual.<\/p><hr class=\"\" data-start=\"738\" data-end=\"741\" \/><h2 class=\"\" data-start=\"743\" data-end=\"760\"><strong data-start=\"746\" data-end=\"760\">Benefits<\/strong><\/h2><ul data-start=\"762\" data-end=\"937\"><li class=\"\" data-start=\"762\" data-end=\"775\"><p class=\"\" data-start=\"764\" data-end=\"775\">Diuretic<\/p><\/li><li class=\"\" data-start=\"776\" data-end=\"799\"><p class=\"\" data-start=\"778\" data-end=\"799\">Aids digestion<\/p><\/li><li class=\"\" data-start=\"800\" data-end=\"845\"><p class=\"\" data-start=\"802\" data-end=\"845\">Rich in vitamins, minerals, and fiber<\/p><\/li><li class=\"\" data-start=\"846\" data-end=\"870\"><p class=\"\" data-start=\"848\" data-end=\"870\">Contains antioxidants<\/p><\/li><li class=\"\" data-start=\"871\" data-end=\"909\"><p class=\"\" data-start=\"873\" data-end=\"909\">Helps fight bad cholesterol<\/p><\/li><li class=\"\" data-start=\"910\" data-end=\"937\"><p class=\"\" data-start=\"912\" data-end=\"937\">Good for heart health<\/p><\/li><\/ul><hr class=\"\" data-start=\"939\" data-end=\"942\" \/><h2 class=\"\" data-start=\"944\" data-end=\"959\"><strong data-start=\"947\" data-end=\"959\">Tradition<\/strong><\/h2><p class=\"\" data-start=\"961\" data-end=\"1310\">The cuia (gourd) is considered a sacred object in many homes.<br data-start=\"1016\" data-end=\"1019\" \/>Passing and receiving the cuia should be done with the right hand as a sign of respect.<br data-start=\"1112\" data-end=\"1115\" \/>Offering a cuia is a gesture of friendship and hospitality.<br data-start=\"1171\" data-end=\"1174\" \/>Traditionally, the preparer drinks the first chimarr\u00e3o as a sign of courtesy.<br data-start=\"1253\" data-end=\"1256\" \/>It is not customary to verbally thank for the mate received.<\/p>\t\t\t\t\t\t\t\t<\/div>\n\t\t\t\t<\/div>\n\t\t\t\t\t<\/div>\n\t\t<\/div>\n\t\t\t\t<div class=\"elementor-column elementor-col-50 elementor-top-column elementor-element elementor-element-8af21a7\" data-id=\"8af21a7\" data-element_type=\"column\">\n\t\t\t<div class=\"elementor-widget-wrap elementor-element-populated\">\n\t\t\t\t\t\t<div class=\"elementor-element elementor-element-a5d02b5 elementor-widget elementor-widget-image\" data-id=\"a5d02b5\" data-element_type=\"widget\" data-widget_type=\"image.default\">\n\t\t\t\t<div class=\"elementor-widget-container\">\n\t\t\t\t\t\t\t\t\t\t\t\t\t\t\t<img fetchpriority=\"high\" decoding=\"async\" width=\"800\" height=\"800\" src=\"https:\/\/ervamateelizabeth.com.br\/wp-content\/uploads\/2023\/05\/20230529235812_fpdl.in_hand-holding-serving-mate-de-chimarrao-mate-tea-typical-tea-from-south-america_437937-2729_large.jpg\" class=\"attachment-large size-large wp-image-324\" alt=\"\" srcset=\"https:\/\/ervamateelizabeth.com.br\/wp-content\/uploads\/2023\/05\/20230529235812_fpdl.in_hand-holding-serving-mate-de-chimarrao-mate-tea-typical-tea-from-south-america_437937-2729_large.jpg 960w, https:\/\/ervamateelizabeth.com.br\/wp-content\/uploads\/2023\/05\/20230529235812_fpdl.in_hand-holding-serving-mate-de-chimarrao-mate-tea-typical-tea-from-south-america_437937-2729_large-300x300.jpg 300w, https:\/\/ervamateelizabeth.com.br\/wp-content\/uploads\/2023\/05\/20230529235812_fpdl.in_hand-holding-serving-mate-de-chimarrao-mate-tea-typical-tea-from-south-america_437937-2729_large-150x150.jpg 150w, https:\/\/ervamateelizabeth.com.br\/wp-content\/uploads\/2023\/05\/20230529235812_fpdl.in_hand-holding-serving-mate-de-chimarrao-mate-tea-typical-tea-from-south-america_437937-2729_large-768x768.jpg 768w, https:\/\/ervamateelizabeth.com.br\/wp-content\/uploads\/2023\/05\/elementor\/thumbs\/20230529235812_fpdl.in_hand-holding-serving-mate-de-chimarrao-mate-tea-typical-tea-from-south-america_437937-2729_large-q775egmlcxddn7jvww79e8oc5h3jw2vb6nytg85apc.jpg 600w\" sizes=\"(max-width: 800px) 100vw, 800px\" \/>\t\t\t\t\t\t\t\t\t\t\t\t\t\t\t<\/div>\n\t\t\t\t<\/div>\n\t\t\t\t\t<\/div>\n\t\t<\/div>\n\t\t\t\t\t<\/div>\n\t\t<\/section>\n\t\t\t\t<section class=\"elementor-section elementor-top-section elementor-element elementor-element-7b36a7ad elementor-section-boxed elementor-section-height-default elementor-section-height-default\" data-id=\"7b36a7ad\" data-element_type=\"section\">\n\t\t\t\t\t\t<div class=\"elementor-container elementor-column-gap-default\">\n\t\t\t\t\t<div class=\"elementor-column elementor-col-100 elementor-top-column elementor-element elementor-element-257dbfc3\" data-id=\"257dbfc3\" data-element_type=\"column\" data-settings=\"{&quot;background_background&quot;:&quot;classic&quot;}\">\n\t\t\t<div class=\"elementor-widget-wrap elementor-element-populated\">\n\t\t\t\t\t<div class=\"elementor-background-overlay\"><\/div>\n\t\t\t\t\t\t<div class=\"elementor-element elementor-element-67a8bb1d elementor-widget elementor-widget-heading\" data-id=\"67a8bb1d\" data-element_type=\"widget\" data-widget_type=\"heading.default\">\n\t\t\t\t<div class=\"elementor-widget-container\">\n\t\t\t\t\t<h3 class=\"elementor-heading-title elementor-size-default\">Questions, Suggestions, and Compliments<\/h3>\t\t\t\t<\/div>\n\t\t\t\t<\/div>\n\t\t\t\t<div class=\"elementor-element elementor-element-17e61f09 elementor-widget elementor-widget-heading\" data-id=\"17e61f09\" data-element_type=\"widget\" data-widget_type=\"heading.default\">\n\t\t\t\t<div class=\"elementor-widget-container\">\n\t\t\t\t\t<h6 class=\"elementor-heading-title elementor-size-default\"><a href=\"https:\/\/ervamateelizabeth.com.br\/en\/contato\/\">Contact <\/a><\/h6>\t\t\t\t<\/div>\n\t\t\t\t<\/div>\n\t\t\t\t\t<\/div>\n\t\t<\/div>\n\t\t\t\t\t<\/div>\n\t\t<\/section>\n\t\t\t\t<\/div>","protected":false},"excerpt":{"rendered":"<p>Home Origem A erva-mate foi tradicionalmente utilizada pelos povos ind\u00edgenas guaranis, qu\u00edchuas e aimar\u00e1s.O termo \u201cchimarr\u00e3o\u201d tem origem no castelhano cimarr\u00f3n, que significa \u201cgado que voltou \u00e0 vida selvagem\u201d.Durante o s\u00e9culo XVI, os colonizadores espanh\u00f3is chegaram a proibir o consumo de chimarr\u00e3o, considerando-o a \u201cerva do diabo\u201d. Preparo O chimarr\u00e3o \u00e9 preparado com erva-mate mo\u00edda [&hellip;]<\/p>","protected":false},"author":1,"featured_media":0,"parent":0,"menu_order":0,"comment_status":"closed","ping_status":"open","template":"","meta":{"footnotes":""},"class_list":["post-65","page","type-page","status-publish","hentry"],"aioseo_notices":[],"_links":{"self":[{"href":"https:\/\/ervamateelizabeth.com.br\/en\/wp-json\/wp\/v2\/pages\/65","targetHints":{"allow":["GET"]}}],"collection":[{"href":"https:\/\/ervamateelizabeth.com.br\/en\/wp-json\/wp\/v2\/pages"}],"about":[{"href":"https:\/\/ervamateelizabeth.com.br\/en\/wp-json\/wp\/v2\/types\/page"}],"author":[{"embeddable":true,"href":"https:\/\/ervamateelizabeth.com.br\/en\/wp-json\/wp\/v2\/users\/1"}],"replies":[{"embeddable":true,"href":"https:\/\/ervamateelizabeth.com.br\/en\/wp-json\/wp\/v2\/comments?post=65"}],"version-history":[{"count":43,"href":"https:\/\/ervamateelizabeth.com.br\/en\/wp-json\/wp\/v2\/pages\/65\/revisions"}],"predecessor-version":[{"id":35098,"href":"https:\/\/ervamateelizabeth.com.br\/en\/wp-json\/wp\/v2\/pages\/65\/revisions\/35098"}],"wp:attachment":[{"href":"https:\/\/ervamateelizabeth.com.br\/en\/wp-json\/wp\/v2\/media?parent=65"}],"curies":[{"name":"wp","href":"https:\/\/api.w.org\/{rel}","templated":true}]}}