{"id":25,"date":"2023-05-26T15:18:52","date_gmt":"2023-05-26T18:18:52","guid":{"rendered":"https:\/\/ervamateelizabeth.com.br\/?page_id=25"},"modified":"2024-06-20T09:23:01","modified_gmt":"2024-06-20T12:23:01","slug":"home","status":"publish","type":"page","link":"https:\/\/ervamateelizabeth.com.br\/en\/","title":{"rendered":"Home"},"content":{"rendered":"<div data-elementor-type=\"wp-page\" data-elementor-id=\"25\" class=\"elementor elementor-25\" data-elementor-post-type=\"page\">\n\t\t\t\t\t\t<section class=\"elementor-section elementor-top-section elementor-element elementor-element-6d53fe7c elementor-section-content-middle elementor-section-boxed elementor-section-height-default elementor-section-height-default\" data-id=\"6d53fe7c\" data-element_type=\"section\" data-settings=\"{&quot;background_background&quot;:&quot;slideshow&quot;,&quot;background_slideshow_gallery&quot;:[{&quot;id&quot;:33,&quot;url&quot;:&quot;https:\\\/\\\/ervamateelizabeth.com.br\\\/wp-content\\\/uploads\\\/2023\\\/05\\\/01.png&quot;},{&quot;id&quot;:300,&quot;url&quot;:&quot;https:\\\/\\\/ervamateelizabeth.com.br\\\/wp-content\\\/uploads\\\/2023\\\/05\\\/02-8.png&quot;},{&quot;id&quot;:299,&quot;url&quot;:&quot;https:\\\/\\\/ervamateelizabeth.com.br\\\/wp-content\\\/uploads\\\/2023\\\/05\\\/05-4.png&quot;},{&quot;id&quot;:297,&quot;url&quot;:&quot;https:\\\/\\\/ervamateelizabeth.com.br\\\/wp-content\\\/uploads\\\/2023\\\/05\\\/03-5.png&quot;},{&quot;id&quot;:298,&quot;url&quot;:&quot;https:\\\/\\\/ervamateelizabeth.com.br\\\/wp-content\\\/uploads\\\/2023\\\/05\\\/04-5.png&quot;},{&quot;id&quot;:324,&quot;url&quot;:&quot;https:\\\/\\\/ervamateelizabeth.com.br\\\/wp-content\\\/uploads\\\/2023\\\/05\\\/20230529235812_fpdl.in_hand-holding-serving-mate-de-chimarrao-mate-tea-typical-tea-from-south-america_437937-2729_large.jpg&quot;}],&quot;background_slideshow_transition_duration&quot;:1000,&quot;background_slideshow_ken_burns&quot;:&quot;yes&quot;,&quot;background_slideshow_loop&quot;:&quot;yes&quot;,&quot;background_slideshow_slide_duration&quot;:5000,&quot;background_slideshow_slide_transition&quot;:&quot;fade&quot;,&quot;background_slideshow_ken_burns_zoom_direction&quot;:&quot;in&quot;}\">\n\t\t\t\t\t\t\t<div class=\"elementor-background-overlay\"><\/div>\n\t\t\t\t\t\t\t<div class=\"elementor-container elementor-column-gap-default\">\n\t\t\t\t\t<div class=\"elementor-column elementor-col-100 elementor-top-column elementor-element elementor-element-7b58f1c4\" data-id=\"7b58f1c4\" data-element_type=\"column\">\n\t\t\t<div class=\"elementor-widget-wrap elementor-element-populated\">\n\t\t\t\t\t\t<div class=\"elementor-element elementor-element-4d1154e elementor-widget elementor-widget-image\" data-id=\"4d1154e\" data-element_type=\"widget\" data-widget_type=\"image.default\">\n\t\t\t\t<div class=\"elementor-widget-container\">\n\t\t\t\t\t\t\t\t\t\t\t\t\t\t\t<img decoding=\"async\" width=\"300\" height=\"163\" src=\"https:\/\/ervamateelizabeth.com.br\/wp-content\/uploads\/2023\/05\/contetnt-slide-300x163-2.png\" class=\"attachment-full size-full wp-image-37\" alt=\"\" \/>\t\t\t\t\t\t\t\t\t\t\t\t\t\t\t<\/div>\n\t\t\t\t<\/div>\n\t\t\t\t\t<\/div>\n\t\t<\/div>\n\t\t\t\t\t<\/div>\n\t\t<\/section>\n\t\t\t\t<section class=\"elementor-section elementor-top-section elementor-element elementor-element-17cd9f71 elementor-section-boxed elementor-section-height-default elementor-section-height-default\" data-id=\"17cd9f71\" data-element_type=\"section\">\n\t\t\t\t\t\t<div class=\"elementor-container elementor-column-gap-default\">\n\t\t\t\t\t<div class=\"elementor-column elementor-col-100 elementor-top-column elementor-element elementor-element-cc55eaa\" data-id=\"cc55eaa\" data-element_type=\"column\" data-settings=\"{&quot;background_background&quot;:&quot;classic&quot;}\">\n\t\t\t<div class=\"elementor-widget-wrap elementor-element-populated\">\n\t\t\t\t\t\t<div class=\"elementor-element elementor-element-fc1f8af elementor-widget elementor-widget-image\" data-id=\"fc1f8af\" data-element_type=\"widget\" data-widget_type=\"image.default\">\n\t\t\t\t<div class=\"elementor-widget-container\">\n\t\t\t\t\t\t\t\t\t\t\t\t\t\t\t<img fetchpriority=\"high\" decoding=\"async\" width=\"2000\" height=\"523\" src=\"https:\/\/ervamateelizabeth.com.br\/wp-content\/uploads\/2024\/04\/base-min.png\" class=\"attachment-full size-full wp-image-615\" alt=\"\" srcset=\"https:\/\/ervamateelizabeth.com.br\/wp-content\/uploads\/2024\/04\/base-min.png 2000w, https:\/\/ervamateelizabeth.com.br\/wp-content\/uploads\/2024\/04\/base-min-300x78.png 300w, https:\/\/ervamateelizabeth.com.br\/wp-content\/uploads\/2024\/04\/base-min-1024x268.png 1024w, https:\/\/ervamateelizabeth.com.br\/wp-content\/uploads\/2024\/04\/base-min-768x201.png 768w, https:\/\/ervamateelizabeth.com.br\/wp-content\/uploads\/2024\/04\/base-min-1536x402.png 1536w\" sizes=\"(max-width: 2000px) 100vw, 2000px\" \/>\t\t\t\t\t\t\t\t\t\t\t\t\t\t\t<\/div>\n\t\t\t\t<\/div>\n\t\t\t\t\t<\/div>\n\t\t<\/div>\n\t\t\t\t\t<\/div>\n\t\t<\/section>\n\t\t\t\t<section class=\"elementor-section elementor-top-section elementor-element elementor-element-14e3a8c8 elementor-section-boxed elementor-section-height-default elementor-section-height-default\" data-id=\"14e3a8c8\" data-element_type=\"section\" data-settings=\"{&quot;background_background&quot;:&quot;classic&quot;}\">\n\t\t\t\t\t\t<div class=\"elementor-container elementor-column-gap-default\">\n\t\t\t\t\t<div class=\"elementor-column elementor-col-100 elementor-top-column elementor-element elementor-element-4cfaa30b\" data-id=\"4cfaa30b\" data-element_type=\"column\">\n\t\t\t<div class=\"elementor-widget-wrap elementor-element-populated\">\n\t\t\t\t\t\t<div class=\"elementor-element elementor-element-1cc6dfe5 elementor-widget elementor-widget-heading\" data-id=\"1cc6dfe5\" data-element_type=\"widget\" data-widget_type=\"heading.default\">\n\t\t\t\t<div class=\"elementor-widget-container\">\n\t\t\t\t\t<h3 class=\"elementor-heading-title elementor-size-default\">Get to Know Our Products<\/h3>\t\t\t\t<\/div>\n\t\t\t\t<\/div>\n\t\t\t\t<div class=\"elementor-element elementor-element-47f888e4 elementor-widget elementor-widget-text-editor\" data-id=\"47f888e4\" data-element_type=\"widget\" data-widget_type=\"text-editor.default\">\n\t\t\t\t<div class=\"elementor-widget-container\">\n\t\t\t\t\t\t\t\t\t<p>We operate in both domestic and export markets, selling chimarr\u00e3o and mate tea,<br \/>produced exclusively with natural yerba mate, without additives.<\/p>\t\t\t\t\t\t\t\t<\/div>\n\t\t\t\t<\/div>\n\t\t\t\t<div class=\"elementor-element elementor-element-7065482 elementor-widget elementor-widget-heading\" data-id=\"7065482\" data-element_type=\"widget\" data-widget_type=\"heading.default\">\n\t\t\t\t<div class=\"elementor-widget-container\">\n\t\t\t\t\t<h2 class=\"elementor-heading-title elementor-size-default\">Ervateira Elizabeth<\/h2>\t\t\t\t<\/div>\n\t\t\t\t<\/div>\n\t\t\t\t\t<\/div>\n\t\t<\/div>\n\t\t\t\t\t<\/div>\n\t\t<\/section>\n\t\t\t\t<section class=\"elementor-section elementor-top-section elementor-element elementor-element-1ce23fb7 elementor-section-boxed elementor-section-height-default elementor-section-height-default\" data-id=\"1ce23fb7\" data-element_type=\"section\" data-settings=\"{&quot;background_background&quot;:&quot;classic&quot;}\">\n\t\t\t\t\t\t<div class=\"elementor-container elementor-column-gap-default\">\n\t\t\t\t\t<div class=\"elementor-column elementor-col-50 elementor-top-column elementor-element elementor-element-497b5de8\" data-id=\"497b5de8\" data-element_type=\"column\">\n\t\t\t<div class=\"elementor-widget-wrap elementor-element-populated\">\n\t\t\t\t\t\t<div class=\"elementor-element elementor-element-1ba1ad1 elementor-widget elementor-widget-image\" data-id=\"1ba1ad1\" data-element_type=\"widget\" data-widget_type=\"image.default\">\n\t\t\t\t<div class=\"elementor-widget-container\">\n\t\t\t\t\t\t\t\t\t\t\t\t\t\t\t<img decoding=\"async\" width=\"547\" height=\"355\" src=\"https:\/\/ervamateelizabeth.com.br\/wp-content\/uploads\/2023\/05\/01-1-e1685222151512.png\" class=\"attachment-2048x2048 size-2048x2048 wp-image-229\" alt=\"\" srcset=\"https:\/\/ervamateelizabeth.com.br\/wp-content\/uploads\/2023\/05\/01-1-e1685222151512.png 547w, https:\/\/ervamateelizabeth.com.br\/wp-content\/uploads\/2023\/05\/01-1-e1685222151512-300x195.png 300w\" sizes=\"(max-width: 547px) 100vw, 547px\" \/>\t\t\t\t\t\t\t\t\t\t\t\t\t\t\t<\/div>\n\t\t\t\t<\/div>\n\t\t\t\t\t<\/div>\n\t\t<\/div>\n\t\t\t\t<div class=\"elementor-column elementor-col-50 elementor-top-column elementor-element elementor-element-49cfeffe\" data-id=\"49cfeffe\" data-element_type=\"column\">\n\t\t\t<div class=\"elementor-widget-wrap elementor-element-populated\">\n\t\t\t\t\t\t<div class=\"elementor-element elementor-element-87895cc elementor-widget elementor-widget-heading\" data-id=\"87895cc\" data-element_type=\"widget\" data-widget_type=\"heading.default\">\n\t\t\t\t<div class=\"elementor-widget-container\">\n\t\t\t\t\t<h2 class=\"elementor-heading-title elementor-size-default\">39 Years in the Market<\/h2>\t\t\t\t<\/div>\n\t\t\t\t<\/div>\n\t\t\t\t<div class=\"elementor-element elementor-element-19cd01aa elementor-widget elementor-widget-text-editor\" data-id=\"19cd01aa\" data-element_type=\"widget\" data-widget_type=\"text-editor.default\">\n\t\t\t\t<div class=\"elementor-widget-container\">\n\t\t\t\t\t\t\t\t\t<p>The journey of <strong>Elizabeth Yerba Mate<\/strong> began on January 18, 1985, when Noedi Steff founded the company under the name <strong>Elizabeth Ind\u00fastria do Mate Ltda<\/strong>Since then, the company has followed a path of success and expansion, driven by strategic investments in acquiring modern machinery and launching new brands.<\/p><p>As a family business, <strong>Elizabeth Yerba Mate<\/strong> s unwaveringly committed to maintaining tradition and quality in its products. Each step of the production process is carefully supervised to ensure that only the best reaches the customers' tables, offering not just a beverage but an experience reminiscent of the warm hospitality of family gatherings around the mate gourd.<\/p><p>Over the years, the company has solidified its presence not only in the domestic market but also gained ground in the international market, bringing the unique flavor of yerba mate beyond borders. This success results from relentless commitment to excellence and dedication to honoring the family roots that initiated this entrepreneurial journey.<\/p>\t\t\t\t\t\t\t\t<\/div>\n\t\t\t\t<\/div>\n\t\t\t\t<div class=\"elementor-element elementor-element-f414965 elementor-mobile-align-center elementor-widget elementor-widget-button\" data-id=\"f414965\" data-element_type=\"widget\" data-widget_type=\"button.default\">\n\t\t\t\t<div class=\"elementor-widget-container\">\n\t\t\t\t\t\t\t\t\t<div class=\"elementor-button-wrapper\">\n\t\t\t\t\t<a class=\"elementor-button elementor-button-link elementor-size-md elementor-animation-wobble-horizontal\" href=\"#\">\n\t\t\t\t\t\t<span class=\"elementor-button-content-wrapper\">\n\t\t\t\t\t\t<span class=\"elementor-button-icon\">\n\t\t\t\t<i aria-hidden=\"true\" class=\"icon icon-arrow-right\"><\/i>\t\t\t<\/span>\n\t\t\t\t\t\t\t\t\t<span class=\"elementor-button-text\">Contact Us<\/span>\n\t\t\t\t\t<\/span>\n\t\t\t\t\t<\/a>\n\t\t\t\t<\/div>\n\t\t\t\t\t\t\t\t<\/div>\n\t\t\t\t<\/div>\n\t\t\t\t\t<\/div>\n\t\t<\/div>\n\t\t\t\t\t<\/div>\n\t\t<\/section>\n\t\t\t\t<section class=\"elementor-section elementor-top-section elementor-element elementor-element-19bc7aaa elementor-section-boxed elementor-section-height-default elementor-section-height-default\" data-id=\"19bc7aaa\" data-element_type=\"section\" data-settings=\"{&quot;background_background&quot;:&quot;classic&quot;}\">\n\t\t\t\t\t\t\t<div class=\"elementor-background-overlay\"><\/div>\n\t\t\t\t\t\t\t<div class=\"elementor-container elementor-column-gap-default\">\n\t\t\t\t\t<div class=\"elementor-column elementor-col-100 elementor-top-column elementor-element elementor-element-259f07ea\" data-id=\"259f07ea\" data-element_type=\"column\">\n\t\t\t<div class=\"elementor-widget-wrap elementor-element-populated\">\n\t\t\t\t\t\t<div class=\"elementor-element elementor-element-784a3c2 elementor-widget elementor-widget-heading\" data-id=\"784a3c2\" data-element_type=\"widget\" data-widget_type=\"heading.default\">\n\t\t\t\t<div class=\"elementor-widget-container\">\n\t\t\t\t\t<h2 class=\"elementor-heading-title elementor-size-default\">Quality and Tradition <\/h2>\t\t\t\t<\/div>\n\t\t\t\t<\/div>\n\t\t\t\t<section class=\"elementor-section elementor-inner-section elementor-element elementor-element-69b2aee elementor-section-boxed elementor-section-height-default elementor-section-height-default\" data-id=\"69b2aee\" data-element_type=\"section\">\n\t\t\t\t\t\t<div class=\"elementor-container elementor-column-gap-default\">\n\t\t\t\t\t<div class=\"elementor-column elementor-col-33 elementor-inner-column elementor-element elementor-element-18865c03\" data-id=\"18865c03\" data-element_type=\"column\">\n\t\t\t<div class=\"elementor-widget-wrap\">\n\t\t\t\t\t\t\t<\/div>\n\t\t<\/div>\n\t\t\t\t<div class=\"elementor-column elementor-col-33 elementor-inner-column elementor-element elementor-element-725fd3ee\" data-id=\"725fd3ee\" data-element_type=\"column\">\n\t\t\t<div class=\"elementor-widget-wrap\">\n\t\t\t\t\t\t\t<\/div>\n\t\t<\/div>\n\t\t\t\t<div class=\"elementor-column elementor-col-33 elementor-inner-column elementor-element elementor-element-3487ddb8\" data-id=\"3487ddb8\" data-element_type=\"column\">\n\t\t\t<div class=\"elementor-widget-wrap\">\n\t\t\t\t\t\t\t<\/div>\n\t\t<\/div>\n\t\t\t\t\t<\/div>\n\t\t<\/section>\n\t\t\t\t\t<\/div>\n\t\t<\/div>\n\t\t\t\t\t<\/div>\n\t\t<\/section>\n\t\t\t\t<section class=\"elementor-section elementor-top-section elementor-element elementor-element-16d25b8d elementor-section-boxed elementor-section-height-default elementor-section-height-default\" data-id=\"16d25b8d\" data-element_type=\"section\">\n\t\t\t\t\t\t<div class=\"elementor-container elementor-column-gap-default\">\n\t\t\t\t\t<div class=\"elementor-column elementor-col-50 elementor-top-column elementor-element elementor-element-5c26abda\" data-id=\"5c26abda\" data-element_type=\"column\">\n\t\t\t<div class=\"elementor-widget-wrap elementor-element-populated\">\n\t\t\t\t\t\t<div class=\"elementor-element elementor-element-57d837d1 elementor-widget elementor-widget-heading\" data-id=\"57d837d1\" data-element_type=\"widget\" data-widget_type=\"heading.default\">\n\t\t\t\t<div class=\"elementor-widget-container\">\n\t\t\t\t\t<h2 class=\"elementor-heading-title elementor-size-default\">Safety First<\/h2>\t\t\t\t<\/div>\n\t\t\t\t<\/div>\n\t\t\t\t<div class=\"elementor-element elementor-element-2f2f583e elementor-widget elementor-widget-text-editor\" data-id=\"2f2f583e\" data-element_type=\"widget\" data-widget_type=\"text-editor.default\">\n\t\t\t\t<div class=\"elementor-widget-container\">\n\t\t\t\t\t\t\t\t\t<p>In terms of safety <strong>Ervateira Elizabeth<\/strong>\u00a0partners with institutions that conduct lectures within the company, strengthening the personal and professional development of workers.<\/p><p>The company maintains all programs required by current Brazilian legislation, aiming to promote and preserve the health and integrity of workers due to the physical and environmental risks present in the workplace.<\/p>\t\t\t\t\t\t\t\t<\/div>\n\t\t\t\t<\/div>\n\t\t\t\t\t<\/div>\n\t\t<\/div>\n\t\t\t\t<div class=\"elementor-column elementor-col-50 elementor-top-column elementor-element elementor-element-4fe74e35\" data-id=\"4fe74e35\" data-element_type=\"column\">\n\t\t\t<div class=\"elementor-widget-wrap elementor-element-populated\">\n\t\t\t\t\t\t<div class=\"elementor-element elementor-element-78a66cd elementor-widget elementor-widget-image\" data-id=\"78a66cd\" data-element_type=\"widget\" data-widget_type=\"image.default\">\n\t\t\t\t<div class=\"elementor-widget-container\">\n\t\t\t\t\t\t\t\t\t\t\t\t\t\t\t<img loading=\"lazy\" decoding=\"async\" width=\"800\" height=\"465\" src=\"https:\/\/ervamateelizabeth.com.br\/wp-content\/uploads\/2023\/05\/03.png\" class=\"attachment-large size-large wp-image-279\" alt=\"\" srcset=\"https:\/\/ervamateelizabeth.com.br\/wp-content\/uploads\/2023\/05\/03.png 981w, https:\/\/ervamateelizabeth.com.br\/wp-content\/uploads\/2023\/05\/03-300x174.png 300w, https:\/\/ervamateelizabeth.com.br\/wp-content\/uploads\/2023\/05\/03-768x446.png 768w\" sizes=\"(max-width: 800px) 100vw, 800px\" \/>\t\t\t\t\t\t\t\t\t\t\t\t\t\t\t<\/div>\n\t\t\t\t<\/div>\n\t\t\t\t\t<\/div>\n\t\t<\/div>\n\t\t\t\t\t<\/div>\n\t\t<\/section>\n\t\t\t\t<section class=\"elementor-section elementor-top-section elementor-element elementor-element-354fff46 elementor-section-boxed elementor-section-height-default elementor-section-height-default\" data-id=\"354fff46\" data-element_type=\"section\">\n\t\t\t\t\t\t<div class=\"elementor-container elementor-column-gap-default\">\n\t\t\t\t\t<div class=\"elementor-column elementor-col-100 elementor-top-column elementor-element elementor-element-33b49563\" data-id=\"33b49563\" data-element_type=\"column\" data-settings=\"{&quot;background_background&quot;:&quot;classic&quot;}\">\n\t\t\t<div class=\"elementor-widget-wrap elementor-element-populated\">\n\t\t\t\t\t<div class=\"elementor-background-overlay\"><\/div>\n\t\t\t\t\t\t<div class=\"elementor-element elementor-element-7753843e elementor-widget elementor-widget-heading\" data-id=\"7753843e\" data-element_type=\"widget\" data-widget_type=\"heading.default\">\n\t\t\t\t<div class=\"elementor-widget-container\">\n\t\t\t\t\t<h3 class=\"elementor-heading-title elementor-size-default\">Call Now:\n<\/h3>\t\t\t\t<\/div>\n\t\t\t\t<\/div>\n\t\t\t\t<div class=\"elementor-element elementor-element-e8d8fec elementor-widget elementor-widget-text-editor\" data-id=\"e8d8fec\" data-element_type=\"widget\" data-widget_type=\"text-editor.default\">\n\t\t\t\t<div class=\"elementor-widget-container\">\n\t\t\t\t\t\t\t\t\t<h4>Office: +55 42 99836-0322 \/ Sales: +55 42 99997-5019<\/h4>\t\t\t\t\t\t\t\t<\/div>\n\t\t\t\t<\/div>\n\t\t\t\t\t<\/div>\n\t\t<\/div>\n\t\t\t\t\t<\/div>\n\t\t<\/section>\n\t\t\t\t<section class=\"elementor-section elementor-top-section elementor-element elementor-element-645ac411 elementor-section-boxed elementor-section-height-default elementor-section-height-default\" data-id=\"645ac411\" data-element_type=\"section\" data-settings=\"{&quot;background_background&quot;:&quot;classic&quot;}\">\n\t\t\t\t\t\t\t<div class=\"elementor-background-overlay\"><\/div>\n\t\t\t\t\t\t\t<div class=\"elementor-container elementor-column-gap-default\">\n\t\t\t\t\t<div class=\"elementor-column elementor-col-50 elementor-top-column elementor-element elementor-element-5ab29b6e\" data-id=\"5ab29b6e\" data-element_type=\"column\">\n\t\t\t<div class=\"elementor-widget-wrap elementor-element-populated\">\n\t\t\t\t\t\t<div class=\"elementor-element elementor-element-2162faad elementor-widget elementor-widget-heading\" data-id=\"2162faad\" data-element_type=\"widget\" data-widget_type=\"heading.default\">\n\t\t\t\t<div class=\"elementor-widget-container\">\n\t\t\t\t\t<h6 class=\"elementor-heading-title elementor-size-default\">ervateira ELIZABETH<\/h6>\t\t\t\t<\/div>\n\t\t\t\t<\/div>\n\t\t\t\t<div class=\"elementor-element elementor-element-1eed45d8 elementor-widget elementor-widget-heading\" data-id=\"1eed45d8\" data-element_type=\"widget\" data-widget_type=\"heading.default\">\n\t\t\t\t<div class=\"elementor-widget-container\">\n\t\t\t\t\t<h2 class=\"elementor-heading-title elementor-size-default\">Get in touch with our team and clear all your doubts.<\/h2>\t\t\t\t<\/div>\n\t\t\t\t<\/div>\n\t\t\t\t<div class=\"elementor-element elementor-element-299e5560 elementor-mobile-align-center elementor-widget elementor-widget-button\" data-id=\"299e5560\" data-element_type=\"widget\" data-widget_type=\"button.default\">\n\t\t\t\t<div class=\"elementor-widget-container\">\n\t\t\t\t\t\t\t\t\t<div class=\"elementor-button-wrapper\">\n\t\t\t\t\t<a class=\"elementor-button elementor-button-link elementor-size-md\" href=\"\/en\/contato\/\">\n\t\t\t\t\t\t<span class=\"elementor-button-content-wrapper\">\n\t\t\t\t\t\t\t\t\t<span class=\"elementor-button-text\">Contact Us<\/span>\n\t\t\t\t\t<\/span>\n\t\t\t\t\t<\/a>\n\t\t\t\t<\/div>\n\t\t\t\t\t\t\t\t<\/div>\n\t\t\t\t<\/div>\n\t\t\t\t\t<\/div>\n\t\t<\/div>\n\t\t\t\t<div class=\"elementor-column elementor-col-50 elementor-top-column elementor-element elementor-element-419e1fb2\" data-id=\"419e1fb2\" data-element_type=\"column\">\n\t\t\t<div class=\"elementor-widget-wrap\">\n\t\t\t\t\t\t\t<\/div>\n\t\t<\/div>\n\t\t\t\t\t<\/div>\n\t\t<\/section>\n\t\t\t\t<\/div>","protected":false},"excerpt":{"rendered":"<p>Conhe\u00e7a Nossos Produtos Atuamos no mercado interno e de exporta\u00e7\u00e3o com venda de chimarr\u00e3o e ch\u00e1 mate,produzidos exclusivamente com produto natural, a erva-mate, sem aditivos. 39 anos de Mercado A trajet\u00f3ria da Erva Mate Elizabeth teve in\u00edcio em 18 de Janeiro de 1985, quando Noedi Steff fundou a empresa sob o nome de Elizabeth Ind\u00fastria [&hellip;]<\/p>","protected":false},"author":1,"featured_media":0,"parent":0,"menu_order":0,"comment_status":"closed","ping_status":"open","template":"elementor_header_footer","meta":{"footnotes":""},"class_list":["post-25","page","type-page","status-publish","hentry"],"aioseo_notices":[],"_links":{"self":[{"href":"https:\/\/ervamateelizabeth.com.br\/en\/wp-json\/wp\/v2\/pages\/25","targetHints":{"allow":["GET"]}}],"collection":[{"href":"https:\/\/ervamateelizabeth.com.br\/en\/wp-json\/wp\/v2\/pages"}],"about":[{"href":"https:\/\/ervamateelizabeth.com.br\/en\/wp-json\/wp\/v2\/types\/page"}],"author":[{"embeddable":true,"href":"https:\/\/ervamateelizabeth.com.br\/en\/wp-json\/wp\/v2\/users\/1"}],"replies":[{"embeddable":true,"href":"https:\/\/ervamateelizabeth.com.br\/en\/wp-json\/wp\/v2\/comments?post=25"}],"version-history":[{"count":107,"href":"https:\/\/ervamateelizabeth.com.br\/en\/wp-json\/wp\/v2\/pages\/25\/revisions"}],"predecessor-version":[{"id":744,"href":"https:\/\/ervamateelizabeth.com.br\/en\/wp-json\/wp\/v2\/pages\/25\/revisions\/744"}],"wp:attachment":[{"href":"https:\/\/ervamateelizabeth.com.br\/en\/wp-json\/wp\/v2\/media?parent=25"}],"curies":[{"name":"wp","href":"https:\/\/api.w.org\/{rel}","templated":true}]}}