{"id":175,"date":"2023-05-27T17:47:12","date_gmt":"2023-05-27T20:47:12","guid":{"rendered":"https:\/\/ervamateelizabeth.com.br\/?page_id=175"},"modified":"2024-06-21T10:11:48","modified_gmt":"2024-06-21T13:11:48","slug":"sobre-nos","status":"publish","type":"page","link":"https:\/\/ervamateelizabeth.com.br\/en\/sobre-nos\/","title":{"rendered":"About Us"},"content":{"rendered":"<div data-elementor-type=\"wp-page\" data-elementor-id=\"175\" class=\"elementor elementor-175\" data-elementor-post-type=\"page\">\n\t\t\t\t\t\t<section class=\"elementor-section elementor-top-section elementor-element elementor-element-431b0d2f elementor-section-content-middle elementor-reverse-mobile elementor-section-boxed elementor-section-height-default elementor-section-height-default\" data-id=\"431b0d2f\" data-element_type=\"section\" data-settings=\"{&quot;background_background&quot;:&quot;gradient&quot;}\">\n\t\t\t\t\t\t\t<div class=\"elementor-background-overlay\"><\/div>\n\t\t\t\t\t\t\t<div class=\"elementor-container elementor-column-gap-default\">\n\t\t\t\t\t<div class=\"elementor-column elementor-col-50 elementor-top-column elementor-element elementor-element-1a9272aa\" data-id=\"1a9272aa\" data-element_type=\"column\">\n\t\t\t<div class=\"elementor-widget-wrap elementor-element-populated\">\n\t\t\t\t\t\t<div class=\"elementor-element elementor-element-c007690 elementor-icon-list--layout-inline elementor-mobile-align-center elementor-list-item-link-full_width elementor-widget elementor-widget-icon-list\" data-id=\"c007690\" data-element_type=\"widget\" data-widget_type=\"icon-list.default\">\n\t\t\t\t<div class=\"elementor-widget-container\">\n\t\t\t\t\t\t\t<ul class=\"elementor-icon-list-items elementor-inline-items\">\n\t\t\t\t\t\t\t<li class=\"elementor-icon-list-item elementor-inline-item\">\n\t\t\t\t\t\t\t\t\t\t<span class=\"elementor-icon-list-text\">Home<\/span>\n\t\t\t\t\t\t\t\t\t<\/li>\n\t\t\t\t\t\t\t\t<li class=\"elementor-icon-list-item elementor-inline-item\">\n\t\t\t\t\t\t\t\t\t\t\t<span class=\"elementor-icon-list-icon\">\n\t\t\t\t\t\t\t<i aria-hidden=\"true\" class=\"icon icon-minus\"><\/i>\t\t\t\t\t\t<\/span>\n\t\t\t\t\t\t\t\t\t\t<span class=\"elementor-icon-list-text\">About Us<\/span>\n\t\t\t\t\t\t\t\t\t<\/li>\n\t\t\t\t\t\t<\/ul>\n\t\t\t\t\t\t<\/div>\n\t\t\t\t<\/div>\n\t\t\t\t<div class=\"elementor-element elementor-element-5f329cf6 elementor-widget elementor-widget-heading\" data-id=\"5f329cf6\" data-element_type=\"widget\" data-widget_type=\"heading.default\">\n\t\t\t\t<div class=\"elementor-widget-container\">\n\t\t\t\t\t<h1 class=\"elementor-heading-title elementor-size-default\">About Us<\/h1>\t\t\t\t<\/div>\n\t\t\t\t<\/div>\n\t\t\t\t\t<\/div>\n\t\t<\/div>\n\t\t\t\t<div class=\"elementor-column elementor-col-50 elementor-top-column elementor-element elementor-element-2205476b elementor-hidden-tablet elementor-hidden-mobile\" data-id=\"2205476b\" data-element_type=\"column\">\n\t\t\t<div class=\"elementor-widget-wrap elementor-element-populated\">\n\t\t\t\t\t\t<div class=\"elementor-element elementor-element-1231e495 elementor-widget elementor-widget-image\" data-id=\"1231e495\" data-element_type=\"widget\" data-widget_type=\"image.default\">\n\t\t\t\t<div class=\"elementor-widget-container\">\n\t\t\t\t\t\t\t\t\t\t\t\t\t\t\t<img decoding=\"async\" src=\"https:\/\/ervamateelizabeth.com.br\/wp-content\/uploads\/elementor\/thumbs\/aweddeaaewdaewd-min-qn3628nlde5xlfyznd2vsqmf8nenceiu23d1mu75gw.jpg\" title=\"Cuia de chimarr\u00e3o\" alt=\"Cuia de chimarr\u00e3o\" loading=\"lazy\" \/>\t\t\t\t\t\t\t\t\t\t\t\t\t\t\t<\/div>\n\t\t\t\t<\/div>\n\t\t\t\t\t<\/div>\n\t\t<\/div>\n\t\t\t\t\t<\/div>\n\t\t<\/section>\n\t\t\t\t<section class=\"elementor-section elementor-top-section elementor-element elementor-element-f3fa26e elementor-section-boxed elementor-section-height-default elementor-section-height-default\" data-id=\"f3fa26e\" data-element_type=\"section\">\n\t\t\t\t\t\t<div class=\"elementor-container elementor-column-gap-default\">\n\t\t\t\t\t<div class=\"elementor-column elementor-col-50 elementor-top-column elementor-element elementor-element-5bc724c8\" data-id=\"5bc724c8\" data-element_type=\"column\">\n\t\t\t<div class=\"elementor-widget-wrap elementor-element-populated\">\n\t\t\t\t\t\t<div class=\"elementor-element elementor-element-1f63d317 elementor-widget elementor-widget-image\" data-id=\"1f63d317\" data-element_type=\"widget\" data-widget_type=\"image.default\">\n\t\t\t\t<div class=\"elementor-widget-container\">\n\t\t\t\t\t\t\t\t\t\t\t\t\t\t\t<img fetchpriority=\"high\" decoding=\"async\" width=\"547\" height=\"355\" src=\"https:\/\/ervamateelizabeth.com.br\/wp-content\/uploads\/2023\/05\/01-1-e1685222151512.png\" class=\"attachment-full size-full wp-image-229\" alt=\"\" srcset=\"https:\/\/ervamateelizabeth.com.br\/wp-content\/uploads\/2023\/05\/01-1-e1685222151512.png 547w, https:\/\/ervamateelizabeth.com.br\/wp-content\/uploads\/2023\/05\/01-1-e1685222151512-300x195.png 300w\" sizes=\"(max-width: 547px) 100vw, 547px\" \/>\t\t\t\t\t\t\t\t\t\t\t\t\t\t\t<\/div>\n\t\t\t\t<\/div>\n\t\t\t\t\t<\/div>\n\t\t<\/div>\n\t\t\t\t<div class=\"elementor-column elementor-col-50 elementor-top-column elementor-element elementor-element-39c8cd28\" data-id=\"39c8cd28\" data-element_type=\"column\">\n\t\t\t<div class=\"elementor-widget-wrap elementor-element-populated\">\n\t\t\t\t\t\t<div class=\"elementor-element elementor-element-1ad78aea elementor-widget elementor-widget-heading\" data-id=\"1ad78aea\" data-element_type=\"widget\" data-widget_type=\"heading.default\">\n\t\t\t\t<div class=\"elementor-widget-container\">\n\t\t\t\t\t<h2 class=\"elementor-heading-title elementor-size-default\">Our History<\/h2>\t\t\t\t<\/div>\n\t\t\t\t<\/div>\n\t\t\t\t<div class=\"elementor-element elementor-element-26f60b6f elementor-widget elementor-widget-text-editor\" data-id=\"26f60b6f\" data-element_type=\"widget\" data-widget_type=\"text-editor.default\">\n\t\t\t\t<div class=\"elementor-widget-container\">\n\t\t\t\t\t\t\t\t\t<p>The journey of\u00a0<strong>Elizabeth Yerba Mate<\/strong>\u00a0began on January 18, 1985, when Noedi Steff founded the company under the name\u00a0<strong>Elizabeth Ind\u00fastria do Mate Ltda<\/strong>Since then, the company has followed a path of success and expansion, driven by strategic investments in acquiring modern machinery and launching new brands.<\/p><p>As a family business,\u00a0<strong>Elizabeth Yerba Mate<\/strong>\u00a0s unwaveringly committed to maintaining tradition and quality in its products. Each step of the production process is carefully supervised to ensure that only the best reaches the customers' tables, offering not just a beverage but an experience reminiscent of the warm hospitality of family gatherings around the mate gourd.<\/p><p>Over the years, the company has solidified its presence not only in the domestic market but also gained ground in the international market, bringing the unique flavor of yerba mate beyond borders. This success results from relentless commitment to excellence and dedication to honoring the family roots that initiated this entrepreneurial journey.<\/p>\t\t\t\t\t\t\t\t<\/div>\n\t\t\t\t<\/div>\n\t\t\t\t<div class=\"elementor-element elementor-element-74c1aeb5 elementor-mobile-align-center elementor-widget elementor-widget-button\" data-id=\"74c1aeb5\" data-element_type=\"widget\" data-widget_type=\"button.default\">\n\t\t\t\t<div class=\"elementor-widget-container\">\n\t\t\t\t\t\t\t\t\t<div class=\"elementor-button-wrapper\">\n\t\t\t\t\t<a class=\"elementor-button elementor-button-link elementor-size-md elementor-animation-wobble-horizontal\" href=\"https:\/\/ervamateelizabeth.com.br\/en\/contato\/\">\n\t\t\t\t\t\t<span class=\"elementor-button-content-wrapper\">\n\t\t\t\t\t\t<span class=\"elementor-button-icon\">\n\t\t\t\t<i aria-hidden=\"true\" class=\"icon icon-arrow-right\"><\/i>\t\t\t<\/span>\n\t\t\t\t\t\t\t\t\t<span class=\"elementor-button-text\">Contact Us<\/span>\n\t\t\t\t\t<\/span>\n\t\t\t\t\t<\/a>\n\t\t\t\t<\/div>\n\t\t\t\t\t\t\t\t<\/div>\n\t\t\t\t<\/div>\n\t\t\t\t\t<\/div>\n\t\t<\/div>\n\t\t\t\t\t<\/div>\n\t\t<\/section>\n\t\t\t\t<section class=\"elementor-section elementor-top-section elementor-element elementor-element-b5487f4 elementor-section-boxed elementor-section-height-default elementor-section-height-default\" data-id=\"b5487f4\" data-element_type=\"section\" data-settings=\"{&quot;background_background&quot;:&quot;classic&quot;}\">\n\t\t\t\t\t\t<div class=\"elementor-container elementor-column-gap-default\">\n\t\t\t\t\t<div class=\"elementor-column elementor-col-100 elementor-top-column elementor-element elementor-element-f8baa51\" data-id=\"f8baa51\" data-element_type=\"column\">\n\t\t\t<div class=\"elementor-widget-wrap elementor-element-populated\">\n\t\t\t\t\t\t<div class=\"elementor-element elementor-element-e3c5a75 elementor-widget elementor-widget-heading\" data-id=\"e3c5a75\" data-element_type=\"widget\" data-widget_type=\"heading.default\">\n\t\t\t\t<div class=\"elementor-widget-container\">\n\t\t\t\t\t<h3 class=\"elementor-heading-title elementor-size-default\">Market Presence<\/h3>\t\t\t\t<\/div>\n\t\t\t\t<\/div>\n\t\t\t\t<div class=\"elementor-element elementor-element-a92efd6 elementor-widget elementor-widget-text-editor\" data-id=\"a92efd6\" data-element_type=\"widget\" data-widget_type=\"text-editor.default\">\n\t\t\t\t<div class=\"elementor-widget-container\">\n\t\t\t\t\t\t\t\t\t<p>A <strong>Ervateira Elizabeth<\/strong>\u00a0operates in both domestic and export markets, offering chimarr\u00e3o and mate tea made exclusively with natural yerba mate, without additives. The company is increasingly focused on developing and consuming products that are environmentally friendly and contribute to human health.<\/p>\t\t\t\t\t\t\t\t<\/div>\n\t\t\t\t<\/div>\n\t\t\t\t\t<\/div>\n\t\t<\/div>\n\t\t\t\t\t<\/div>\n\t\t<\/section>\n\t\t\t\t<section class=\"elementor-section elementor-top-section elementor-element elementor-element-5a759180 elementor-section-content-middle elementor-section-boxed elementor-section-height-default elementor-section-height-default\" data-id=\"5a759180\" data-element_type=\"section\">\n\t\t\t\t\t\t<div class=\"elementor-container elementor-column-gap-default\">\n\t\t\t\t\t<div class=\"elementor-column elementor-col-50 elementor-top-column elementor-element elementor-element-390d707c\" data-id=\"390d707c\" data-element_type=\"column\">\n\t\t\t<div class=\"elementor-widget-wrap elementor-element-populated\">\n\t\t\t\t\t\t<div class=\"elementor-element elementor-element-5babe2d9 elementor-widget elementor-widget-heading\" data-id=\"5babe2d9\" data-element_type=\"widget\" data-widget_type=\"heading.default\">\n\t\t\t\t<div class=\"elementor-widget-container\">\n\t\t\t\t\t<h6 class=\"elementor-heading-title elementor-size-default\">Our Values<\/h6>\t\t\t\t<\/div>\n\t\t\t\t<\/div>\n\t\t\t\t<div class=\"elementor-element elementor-element-d49129d elementor-widget elementor-widget-heading\" data-id=\"d49129d\" data-element_type=\"widget\" data-widget_type=\"heading.default\">\n\t\t\t\t<div class=\"elementor-widget-container\">\n\t\t\t\t\t<h2 class=\"elementor-heading-title elementor-size-default\">Quality and Tradition<\/h2>\t\t\t\t<\/div>\n\t\t\t\t<\/div>\n\t\t\t\t<div class=\"elementor-element elementor-element-302bc454 elementor-widget elementor-widget-text-editor\" data-id=\"302bc454\" data-element_type=\"widget\" data-widget_type=\"text-editor.default\">\n\t\t\t\t<div class=\"elementor-widget-container\">\n\t\t\t\t\t\t\t\t\t<p>Ensuring high-quality yerba mate for consumers is one of Ervateira Elizabeth\u2019s top priorities. <strong>Ervateira Elizabeth<\/strong>. The company strives to preserve traditions with flavor and quality, producing environmentally responsible products.<\/p>\t\t\t\t\t\t\t\t<\/div>\n\t\t\t\t<\/div>\n\t\t\t\t<div class=\"elementor-element elementor-element-67f1450c elementor-mobile-align-center elementor-widget elementor-widget-button\" data-id=\"67f1450c\" data-element_type=\"widget\" data-widget_type=\"button.default\">\n\t\t\t\t<div class=\"elementor-widget-container\">\n\t\t\t\t\t\t\t\t\t<div class=\"elementor-button-wrapper\">\n\t\t\t\t\t<a class=\"elementor-button elementor-button-link elementor-size-md\" href=\"https:\/\/ervamateelizabeth.com.br\/en\/contato\/\">\n\t\t\t\t\t\t<span class=\"elementor-button-content-wrapper\">\n\t\t\t\t\t\t\t\t\t<span class=\"elementor-button-text\">Contact<\/span>\n\t\t\t\t\t<\/span>\n\t\t\t\t\t<\/a>\n\t\t\t\t<\/div>\n\t\t\t\t\t\t\t\t<\/div>\n\t\t\t\t<\/div>\n\t\t\t\t\t<\/div>\n\t\t<\/div>\n\t\t\t\t<div class=\"elementor-column elementor-col-50 elementor-top-column elementor-element elementor-element-7d7055f0\" data-id=\"7d7055f0\" data-element_type=\"column\">\n\t\t\t<div class=\"elementor-widget-wrap\">\n\t\t\t\t\t\t\t<\/div>\n\t\t<\/div>\n\t\t\t\t\t<\/div>\n\t\t<\/section>\n\t\t\t\t<section class=\"elementor-section elementor-top-section elementor-element elementor-element-7bcdb862 elementor-section-boxed elementor-section-height-default elementor-section-height-default\" data-id=\"7bcdb862\" data-element_type=\"section\">\n\t\t\t\t\t\t<div class=\"elementor-container elementor-column-gap-default\">\n\t\t\t\t\t<div class=\"elementor-column elementor-col-100 elementor-top-column elementor-element elementor-element-df1dadd\" data-id=\"df1dadd\" data-element_type=\"column\" data-settings=\"{&quot;background_background&quot;:&quot;classic&quot;}\">\n\t\t\t<div class=\"elementor-widget-wrap elementor-element-populated\">\n\t\t\t\t\t<div class=\"elementor-background-overlay\"><\/div>\n\t\t\t\t\t\t<div class=\"elementor-element elementor-element-1c30f7fc elementor-widget elementor-widget-heading\" data-id=\"1c30f7fc\" data-element_type=\"widget\" data-widget_type=\"heading.default\">\n\t\t\t\t<div class=\"elementor-widget-container\">\n\t\t\t\t\t<h3 class=\"elementor-heading-title elementor-size-default\">Questions, Suggestions, and Compliments<\/h3>\t\t\t\t<\/div>\n\t\t\t\t<\/div>\n\t\t\t\t<div class=\"elementor-element elementor-element-662471df elementor-widget elementor-widget-heading\" data-id=\"662471df\" data-element_type=\"widget\" data-widget_type=\"heading.default\">\n\t\t\t\t<div class=\"elementor-widget-container\">\n\t\t\t\t\t<h6 class=\"elementor-heading-title elementor-size-default\"><a href=\"https:\/\/ervamateelizabeth.com.br\/en\/contato\/\">Contact <\/a><\/h6>\t\t\t\t<\/div>\n\t\t\t\t<\/div>\n\t\t\t\t\t<\/div>\n\t\t<\/div>\n\t\t\t\t\t<\/div>\n\t\t<\/section>\n\t\t\t\t<section class=\"elementor-section elementor-top-section elementor-element elementor-element-82aebe2 elementor-section-boxed elementor-section-height-default elementor-section-height-default\" data-id=\"82aebe2\" data-element_type=\"section\" data-settings=\"{&quot;background_background&quot;:&quot;classic&quot;}\">\n\t\t\t\t\t\t<div class=\"elementor-container elementor-column-gap-default\">\n\t\t\t\t\t<div class=\"elementor-column elementor-col-100 elementor-top-column elementor-element elementor-element-7f126c92\" data-id=\"7f126c92\" data-element_type=\"column\">\n\t\t\t<div class=\"elementor-widget-wrap elementor-element-populated\">\n\t\t\t\t\t\t<div class=\"elementor-element elementor-element-7cb776a9 elementor-widget elementor-widget-heading\" data-id=\"7cb776a9\" data-element_type=\"widget\" data-widget_type=\"heading.default\">\n\t\t\t\t<div class=\"elementor-widget-container\">\n\t\t\t\t\t<h2 class=\"elementor-heading-title elementor-size-default\">Location <\/h2>\t\t\t\t<\/div>\n\t\t\t\t<\/div>\n\t\t\t\t<div class=\"elementor-element elementor-element-475aed73 elementor-widget elementor-widget-text-editor\" data-id=\"475aed73\" data-element_type=\"widget\" data-widget_type=\"text-editor.default\">\n\t\t\t\t<div class=\"elementor-widget-container\">\n\t\t\t\t\t\t\t\t\t<p>A <strong>Ervateira Elizabeth<\/strong> situa-se na cidade de S\u00e3o Mateus do Sul, no estado do Paran\u00e1, distante 160 km de Curitiba, capital do Estado do Paran\u00e1.<br \/>Esta localiza\u00e7\u00e3o confere a Ervateira uma posi\u00e7\u00e3o privilegiada para a obten\u00e7\u00e3o dos melhores ervais, sendo privilegiada pelo clima e solos favor\u00e1veis ao cultivo da erva-mate de alto padr\u00e3o de qualidade.<br \/>Nesta regi\u00e3o a erva-mate encontra-se em seu ambiente na forma natural, dispensando o uso de pesticidas nas florestas. Tal localiza\u00e7\u00e3o tamb\u00e9m facilita a log\u00edstica de entrega do produto acabado aos mercados consumidores de toda a regi\u00e3o.<br \/>Consegue garantir assim o padr\u00e3o de qualidade e satisfa\u00e7\u00e3o de seus clientes.<\/p>\t\t\t\t\t\t\t\t<\/div>\n\t\t\t\t<\/div>\n\t\t\t\t<section class=\"elementor-section elementor-inner-section elementor-element elementor-element-e2e6f16 elementor-section-boxed elementor-section-height-default elementor-section-height-default\" data-id=\"e2e6f16\" data-element_type=\"section\">\n\t\t\t\t\t\t<div class=\"elementor-container elementor-column-gap-default\">\n\t\t\t\t\t<div class=\"elementor-column elementor-col-50 elementor-inner-column elementor-element elementor-element-33db91f\" data-id=\"33db91f\" data-element_type=\"column\">\n\t\t\t<div class=\"elementor-widget-wrap elementor-element-populated\">\n\t\t\t\t\t\t<div class=\"elementor-element elementor-element-5020a16 elementor-widget elementor-widget-image\" data-id=\"5020a16\" data-element_type=\"widget\" data-widget_type=\"image.default\">\n\t\t\t\t<div class=\"elementor-widget-container\">\n\t\t\t\t\t\t\t\t\t\t\t\t\t\t\t<img decoding=\"async\" width=\"800\" height=\"514\" src=\"https:\/\/ervamateelizabeth.com.br\/wp-content\/uploads\/2023\/05\/WhatsApp-Image-2023-05-27-at-18.10.18-1024x658.jpeg\" class=\"attachment-large size-large wp-image-225\" alt=\"\" srcset=\"https:\/\/ervamateelizabeth.com.br\/wp-content\/uploads\/2023\/05\/WhatsApp-Image-2023-05-27-at-18.10.18-1024x658.jpeg 1024w, https:\/\/ervamateelizabeth.com.br\/wp-content\/uploads\/2023\/05\/WhatsApp-Image-2023-05-27-at-18.10.18-300x193.jpeg 300w, https:\/\/ervamateelizabeth.com.br\/wp-content\/uploads\/2023\/05\/WhatsApp-Image-2023-05-27-at-18.10.18-768x494.jpeg 768w, https:\/\/ervamateelizabeth.com.br\/wp-content\/uploads\/2023\/05\/WhatsApp-Image-2023-05-27-at-18.10.18-1536x987.jpeg 1536w, https:\/\/ervamateelizabeth.com.br\/wp-content\/uploads\/2023\/05\/WhatsApp-Image-2023-05-27-at-18.10.18.jpeg 1540w\" sizes=\"(max-width: 800px) 100vw, 800px\" \/>\t\t\t\t\t\t\t\t\t\t\t\t\t\t\t<\/div>\n\t\t\t\t<\/div>\n\t\t\t\t\t<\/div>\n\t\t<\/div>\n\t\t\t\t<div class=\"elementor-column elementor-col-50 elementor-inner-column elementor-element elementor-element-8caea2d\" data-id=\"8caea2d\" data-element_type=\"column\">\n\t\t\t<div class=\"elementor-widget-wrap elementor-element-populated\">\n\t\t\t\t\t\t<div class=\"elementor-element elementor-element-ba6d0fb elementor-widget elementor-widget-image\" data-id=\"ba6d0fb\" data-element_type=\"widget\" data-widget_type=\"image.default\">\n\t\t\t\t<div class=\"elementor-widget-container\">\n\t\t\t\t\t\t\t\t\t\t\t\t\t\t\t<img decoding=\"async\" width=\"800\" height=\"532\" src=\"https:\/\/ervamateelizabeth.com.br\/wp-content\/uploads\/2023\/05\/ervateira-1024x681.png\" class=\"attachment-large size-large wp-image-159\" alt=\"\" srcset=\"https:\/\/ervamateelizabeth.com.br\/wp-content\/uploads\/2023\/05\/ervateira-1024x681.png 1024w, https:\/\/ervamateelizabeth.com.br\/wp-content\/uploads\/2023\/05\/ervateira-300x200.png 300w, https:\/\/ervamateelizabeth.com.br\/wp-content\/uploads\/2023\/05\/ervateira-768x511.png 768w, https:\/\/ervamateelizabeth.com.br\/wp-content\/uploads\/2023\/05\/ervateira.png 1428w\" sizes=\"(max-width: 800px) 100vw, 800px\" \/>\t\t\t\t\t\t\t\t\t\t\t\t\t\t\t<\/div>\n\t\t\t\t<\/div>\n\t\t\t\t\t<\/div>\n\t\t<\/div>\n\t\t\t\t\t<\/div>\n\t\t<\/section>\n\t\t\t\t\t<\/div>\n\t\t<\/div>\n\t\t\t\t\t<\/div>\n\t\t<\/section>\n\t\t\t\t<section class=\"elementor-section elementor-top-section elementor-element elementor-element-81491cd elementor-section-boxed elementor-section-height-default elementor-section-height-default\" data-id=\"81491cd\" data-element_type=\"section\" data-settings=\"{&quot;background_background&quot;:&quot;classic&quot;}\">\n\t\t\t\t\t\t<div class=\"elementor-container elementor-column-gap-default\">\n\t\t\t\t\t<div class=\"elementor-column elementor-col-100 elementor-top-column elementor-element elementor-element-355f069\" data-id=\"355f069\" data-element_type=\"column\">\n\t\t\t<div class=\"elementor-widget-wrap elementor-element-populated\">\n\t\t\t\t\t\t<div class=\"elementor-element elementor-element-a6660c2 elementor-widget elementor-widget-heading\" data-id=\"a6660c2\" data-element_type=\"widget\" data-widget_type=\"heading.default\">\n\t\t\t\t<div class=\"elementor-widget-container\">\n\t\t\t\t\t<h3 class=\"elementor-heading-title elementor-size-default\">IG MATHE<\/h3>\t\t\t\t<\/div>\n\t\t\t\t<\/div>\n\t\t\t\t<div class=\"elementor-element elementor-element-c4eb52a elementor-widget elementor-widget-text-editor\" data-id=\"c4eb52a\" data-element_type=\"widget\" data-widget_type=\"text-editor.default\">\n\t\t\t\t<div class=\"elementor-widget-container\">\n\t\t\t\t\t\t\t\t\t<p>The S\u00e3o Mateus do Sul region, one of the largest producers in the world, offers unique conditions for the growth and preservation of the plant, giving the yerba mate from this area its distinctive characteristics!<\/p><p>\u00a0<\/p><p>\u00a0<\/p>\t\t\t\t\t\t\t\t<\/div>\n\t\t\t\t<\/div>\n\t\t\t\t<div class=\"elementor-element elementor-element-06a3e6f elementor-widget elementor-widget-image\" data-id=\"06a3e6f\" data-element_type=\"widget\" data-widget_type=\"image.default\">\n\t\t\t\t<div class=\"elementor-widget-container\">\n\t\t\t\t\t\t\t\t\t\t\t\t\t\t\t<img loading=\"lazy\" decoding=\"async\" width=\"600\" height=\"383\" src=\"https:\/\/ervamateelizabeth.com.br\/wp-content\/uploads\/2023\/05\/ig-mathe.png\" class=\"attachment-large size-large wp-image-330\" alt=\"\" srcset=\"https:\/\/ervamateelizabeth.com.br\/wp-content\/uploads\/2023\/05\/ig-mathe.png 600w, https:\/\/ervamateelizabeth.com.br\/wp-content\/uploads\/2023\/05\/ig-mathe-300x192.png 300w\" sizes=\"(max-width: 600px) 100vw, 600px\" \/>\t\t\t\t\t\t\t\t\t\t\t\t\t\t\t<\/div>\n\t\t\t\t<\/div>\n\t\t\t\t\t<\/div>\n\t\t<\/div>\n\t\t\t\t\t<\/div>\n\t\t<\/section>\n\t\t\t\t<\/div>","protected":false},"excerpt":{"rendered":"<p>Home Nossa Hist\u00f3ria A trajet\u00f3ria da\u00a0Erva Mate Elizabeth\u00a0teve in\u00edcio em 18 de Janeiro de 1985, quando Noedi Steff fundou a empresa sob o nome de\u00a0Elizabeth Ind\u00fastria do Mate Ltda. Desde ent\u00e3o, a empresa vem trilhando um caminho de sucesso e expans\u00e3o, impulsionado por investimentos estrat\u00e9gicos na aquisi\u00e7\u00e3o de maquin\u00e1rios modernos e no lan\u00e7amento de novas [&hellip;]<\/p>","protected":false},"author":1,"featured_media":0,"parent":0,"menu_order":0,"comment_status":"closed","ping_status":"open","template":"","meta":{"footnotes":""},"class_list":["post-175","page","type-page","status-publish","hentry"],"aioseo_notices":[],"_links":{"self":[{"href":"https:\/\/ervamateelizabeth.com.br\/en\/wp-json\/wp\/v2\/pages\/175","targetHints":{"allow":["GET"]}}],"collection":[{"href":"https:\/\/ervamateelizabeth.com.br\/en\/wp-json\/wp\/v2\/pages"}],"about":[{"href":"https:\/\/ervamateelizabeth.com.br\/en\/wp-json\/wp\/v2\/types\/page"}],"author":[{"embeddable":true,"href":"https:\/\/ervamateelizabeth.com.br\/en\/wp-json\/wp\/v2\/users\/1"}],"replies":[{"embeddable":true,"href":"https:\/\/ervamateelizabeth.com.br\/en\/wp-json\/wp\/v2\/comments?post=175"}],"version-history":[{"count":89,"href":"https:\/\/ervamateelizabeth.com.br\/en\/wp-json\/wp\/v2\/pages\/175\/revisions"}],"predecessor-version":[{"id":746,"href":"https:\/\/ervamateelizabeth.com.br\/en\/wp-json\/wp\/v2\/pages\/175\/revisions\/746"}],"wp:attachment":[{"href":"https:\/\/ervamateelizabeth.com.br\/en\/wp-json\/wp\/v2\/media?parent=175"}],"curies":[{"name":"wp","href":"https:\/\/api.w.org\/{rel}","templated":true}]}}